{"id":19008,"date":"2023-06-08T07:40:01","date_gmt":"2023-06-08T07:40:01","guid":{"rendered":"https:\/\/chitilahub.ro\/?page_id=21"},"modified":"2025-11-20T09:19:14","modified_gmt":"2025-11-20T09:19:14","slug":"contact","status":"publish","type":"page","link":"https:\/\/chitilahub.ro\/?page_id=19008","title":{"rendered":"Contact"},"content":{"rendered":"\t\t<div data-elementor-type=\"wp-page\" data-elementor-id=\"19008\" class=\"elementor elementor-19008\">\n\t\t\t\t<div class=\"elementor-element elementor-element-317ca2b e-con-full e-flex e-con e-parent\" data-id=\"317ca2b\" data-element_type=\"container\">\n\t\t\t\t<div class=\"elementor-element elementor-element-24fb164 elementor-widget__width-initial elementor-widget elementor-widget-image\" data-id=\"24fb164\" data-element_type=\"widget\" data-widget_type=\"image.default\">\n\t\t\t\t\t\t\t\t\t\t\t\t\t\t\t<img fetchpriority=\"high\" decoding=\"async\" width=\"800\" height=\"337\" src=\"https:\/\/chitilahub.ro\/wp-content\/uploads\/2025\/11\/signature_1-1.png\" class=\"attachment-large size-large wp-image-19308\" alt=\"\" srcset=\"https:\/\/chitilahub.ro\/wp-content\/uploads\/2025\/11\/signature_1-1.png 991w, https:\/\/chitilahub.ro\/wp-content\/uploads\/2025\/11\/signature_1-1-300x126.png 300w, https:\/\/chitilahub.ro\/wp-content\/uploads\/2025\/11\/signature_1-1-768x323.png 768w, https:\/\/chitilahub.ro\/wp-content\/uploads\/2025\/11\/signature_1-1-600x252.png 600w\" sizes=\"(max-width: 800px) 100vw, 800px\" \/>\t\t\t\t\t\t\t\t\t\t\t\t\t\t\t<\/div>\n\t\t\t\t<\/div>\n\t\t<div class=\"elementor-element elementor-element-85a43d4 e-flex e-con-boxed e-con e-parent\" data-id=\"85a43d4\" data-element_type=\"container\">\n\t\t\t\t\t<div class=\"e-con-inner\">\n\t\t\t\t<div class=\"elementor-element elementor-element-488cc87 elementor-widget elementor-widget-spacer\" data-id=\"488cc87\" data-element_type=\"widget\" data-widget_type=\"spacer.default\">\n\t\t\t\t\t\t\t<div class=\"elementor-spacer\">\n\t\t\t<div class=\"elementor-spacer-inner\"><\/div>\n\t\t<\/div>\n\t\t\t\t\t\t<\/div>\n\t\t\t\t\t<\/div>\n\t\t\t\t<\/div>\n\t\t\t\t<section class=\"elementor-section elementor-top-section elementor-element elementor-element-7da5059 elementor-section-boxed elementor-section-height-default elementor-section-height-default\" data-id=\"7da5059\" data-element_type=\"section\">\n\t\t\t\t\t\t<div class=\"elementor-container elementor-column-gap-default\">\n\t\t\t\t\t<div class=\"elementor-column elementor-col-50 elementor-top-column elementor-element elementor-element-f594441\" data-id=\"f594441\" data-element_type=\"column\">\n\t\t\t<div class=\"elementor-widget-wrap elementor-element-populated\">\n\t\t\t\t\t\t<div class=\"elementor-element elementor-element-f1ef5a6 elementor-widget elementor-widget-gimont_elementor_heading\" data-id=\"f1ef5a6\" data-element_type=\"widget\" data-widget_type=\"gimont_elementor_heading.default\">\n\t\t\t\t<div class=\"elementor-widget-container\">\n\t\t\t\t\t\n\t\t\t<div class=\"ova-heading template_1\">\n\t\t\t\t\t\t\t\t\t\t\t\t\t\t\t<span class=\"line\"><\/span>\n\t\t\t\t\t\t\t\t\t\t<span class=\"subtitle\">CHITILAHUB<\/span>\n\t\t\t\t\t\t\t\t\t\t\t\t\t\n\t\t\t\t\t\t\t\t\t\t\t\t\t\t\t<h2 class=\"title\">Contacteaz\u0103-ne<\/h2>\n\t\t\t\t\t\t\t\t\t\t\n\t\t\t\t\t\t\t\t\n\t\t\t\t\n\t\t\t<\/div>\n\n\t\t\t\t\t\t<\/div>\n\t\t\t\t<\/div>\n\t\t\t\t\t<\/div>\n\t\t<\/div>\n\t\t\t\t<div class=\"elementor-column elementor-col-50 elementor-top-column elementor-element elementor-element-d012f81\" data-id=\"d012f81\" data-element_type=\"column\">\n\t\t\t<div class=\"elementor-widget-wrap elementor-element-populated\">\n\t\t\t\t\t\t<div class=\"elementor-element elementor-element-a9f97fe elementor-widget elementor-widget-text-editor\" data-id=\"a9f97fe\" data-element_type=\"widget\" data-widget_type=\"text-editor.default\">\n\t\t\t\t\t\t\t\t\t<p>Suntem aici pentru a r\u0103spunde \u00eentreb\u0103rilor tale \u0219i pentru a te ghida \u00een universul New European Bauhaus. Dac\u0103 ai nevoie de informa\u021bii suplimentare, vrei s\u0103 colaborezi cu noi sau dore\u0219ti s\u0103 te implici \u00een proiectele NEB, te invit\u0103m s\u0103 ne scrii cu \u00eencredere.<\/p>\t\t\t\t\t\t\t\t<\/div>\n\t\t\t\t\t<\/div>\n\t\t<\/div>\n\t\t\t\t\t<\/div>\n\t\t<\/section>\n\t\t\t\t<section class=\"elementor-section elementor-top-section elementor-element elementor-element-7d17241 elementor-section-boxed elementor-section-height-default elementor-section-height-default\" data-id=\"7d17241\" data-element_type=\"section\">\n\t\t\t\t\t\t<div class=\"elementor-container elementor-column-gap-default\">\n\t\t\t\t\t<div class=\"elementor-column elementor-col-33 elementor-top-column elementor-element elementor-element-1462951\" data-id=\"1462951\" data-element_type=\"column\">\n\t\t\t<div class=\"elementor-widget-wrap elementor-element-populated\">\n\t\t\t\t\t\t<div class=\"elementor-element elementor-element-01a58e2 elementor-widget elementor-widget-gimont_elementor_contact_info\" data-id=\"01a58e2\" data-element_type=\"widget\" data-widget_type=\"gimont_elementor_contact_info.default\">\n\t\t\t\t<div class=\"elementor-widget-container\">\n\t\t\t\t\t\n\t\t<div class=\"ova-contact-info template_1\">\n\n\t\t\t\n\t\t\t\t\t\t\t\n\t\t\t\t<div class=\"item\">\n\n\t\t\t\t\t<div class=\"icon\">\n\t\t\t\t\t\t<i aria-hidden=\"true\" class=\"ovaicon ovaicon-email\"><\/i>\t\t\t\t\t<\/div>\n\n\t\t\t\t\t<div class=\"info\">\n\t\t\t\t\t\t<span class=\"label\">EMAIL<\/span>\n\n\t\t\t\t\t\t<h3 class=\"text\">\n\t\t\t\t\t\t\t\t\t\t\t\t\t\t\t<a href=\"mailto:contact@chitilahub.ro\"\n\t\t\t\t\t\t\t\t\ttitle=\"email\"\n\t\t\t\t\t\t\t\t\ttarget=\"_blank\" >\n\t\t\t\t\t\t\t\t\tcontact@chitilahub.ro\t\t\t\t\t\t\t\t<\/a>\n\t\t\t\t\t\t\t\t\t\t\t\t\t<\/h3>\n\t\t\t\t\t\t\n\t\t\t\t\t<\/div>\n\n\t\t\t\t<\/div>\n\n\t\t\t\n\t\t<\/div>\n\n\t\t\t\t\t\t<\/div>\n\t\t\t\t<\/div>\n\t\t\t\t\t<\/div>\n\t\t<\/div>\n\t\t\t\t<div class=\"elementor-column elementor-col-66 elementor-top-column elementor-element elementor-element-a10971d\" data-id=\"a10971d\" data-element_type=\"column\">\n\t\t\t<div class=\"elementor-widget-wrap elementor-element-populated\">\n\t\t\t\t\t\t<div class=\"elementor-element elementor-element-9bc674e elementor-widget elementor-widget-shortcode\" data-id=\"9bc674e\" data-element_type=\"widget\" data-widget_type=\"shortcode.default\">\n\t\t\t\t\t\t\t<div class=\"elementor-shortcode\">\n<div class=\"wpcf7 no-js\" id=\"wpcf7-f4-o1\" lang=\"en-US\" dir=\"ltr\" data-wpcf7-id=\"4\">\n<div class=\"screen-reader-response\"><p role=\"status\" aria-live=\"polite\" aria-atomic=\"true\"><\/p> <ul><\/ul><\/div>\n<form action=\"\/index.php?rest_route=%2Fwp%2Fv2%2Fpages%2F19008#wpcf7-f4-o1\" method=\"post\" class=\"wpcf7-form init\" aria-label=\"Contact form\" novalidate=\"novalidate\" data-status=\"init\">\n<fieldset class=\"hidden-fields-container\"><input type=\"hidden\" name=\"_wpcf7\" value=\"4\" \/><input type=\"hidden\" name=\"_wpcf7_version\" value=\"6.1.3\" \/><input type=\"hidden\" name=\"_wpcf7_locale\" value=\"en_US\" \/><input type=\"hidden\" name=\"_wpcf7_unit_tag\" value=\"wpcf7-f4-o1\" \/><input type=\"hidden\" name=\"_wpcf7_container_post\" value=\"0\" \/><input type=\"hidden\" name=\"_wpcf7_posted_data_hash\" value=\"\" \/>\n<\/fieldset>\n<p><label> Your name<br \/>\n<span class=\"wpcf7-form-control-wrap\" data-name=\"your-name\"><input size=\"40\" maxlength=\"400\" class=\"wpcf7-form-control wpcf7-text wpcf7-validates-as-required\" autocomplete=\"name\" aria-required=\"true\" aria-invalid=\"false\" value=\"\" type=\"text\" name=\"your-name\" \/><\/span> <\/label>\n<\/p>\n<p><label> Your email<br \/>\n<span class=\"wpcf7-form-control-wrap\" data-name=\"your-email\"><input size=\"40\" maxlength=\"400\" class=\"wpcf7-form-control wpcf7-email wpcf7-validates-as-required wpcf7-text wpcf7-validates-as-email\" autocomplete=\"email\" aria-required=\"true\" aria-invalid=\"false\" value=\"\" type=\"email\" name=\"your-email\" \/><\/span> <\/label>\n<\/p>\n<p><label> Subject<br \/>\n<span class=\"wpcf7-form-control-wrap\" data-name=\"your-subject\"><input size=\"40\" maxlength=\"400\" class=\"wpcf7-form-control wpcf7-text wpcf7-validates-as-required\" aria-required=\"true\" aria-invalid=\"false\" value=\"\" type=\"text\" name=\"your-subject\" \/><\/span> <\/label>\n<\/p>\n<p><label> Your message (optional)<br \/>\n<span class=\"wpcf7-form-control-wrap\" data-name=\"your-message\"><textarea cols=\"40\" rows=\"10\" maxlength=\"2000\" class=\"wpcf7-form-control wpcf7-textarea\" aria-invalid=\"false\" name=\"your-message\"><\/textarea><\/span> <\/label>\n<\/p>\n<p><input class=\"wpcf7-form-control wpcf7-submit has-spinner\" type=\"submit\" value=\"Submit\" \/>\n<\/p><div class=\"wpcf7-response-output\" aria-hidden=\"true\"><\/div>\n<\/form>\n<\/div>\n<\/div>\n\t\t\t\t\t\t<\/div>\n\t\t\t\t\t<\/div>\n\t\t<\/div>\n\t\t\t\t\t<\/div>\n\t\t<\/section>\n\t\t\t\t<\/div>\n\t\t","protected":false},"excerpt":{"rendered":"<p>CHITILAHUB Contacteaz\u0103-ne Suntem aici pentru a r\u0103spunde \u00eentreb\u0103rilor tale \u0219i pentru a te ghida \u00een universul New European Bauhaus. Dac\u0103 ai nevoie de informa\u021bii suplimentare, vrei s\u0103 colaborezi cu noi sau dore\u0219ti s\u0103 te implici \u00een proiectele NEB, te invit\u0103m s\u0103 ne scrii cu \u00eencredere. EMAIL contact@chitilahub.ro<\/p>\n","protected":false},"author":1,"featured_media":0,"parent":0,"menu_order":0,"comment_status":"closed","ping_status":"closed","template":"elementor_header_footer","meta":{"give_campaign_id":0,"footnotes":""},"class_list":["post-19008","page","type-page","status-publish","hentry"],"yoast_head":"<!-- This site is optimized with the Yoast SEO plugin v26.3 - https:\/\/yoast.com\/wordpress\/plugins\/seo\/ -->\n<title>Contact - ChitillaHUB<\/title>\n<meta name=\"robots\" content=\"index, follow, max-snippet:-1, max-image-preview:large, max-video-preview:-1\" \/>\n<link rel=\"canonical\" href=\"https:\/\/chitilahub.ro\/?page_id=19008\" \/>\n<meta property=\"og:locale\" content=\"en_US\" \/>\n<meta property=\"og:type\" content=\"article\" \/>\n<meta property=\"og:title\" content=\"Contact - ChitillaHUB\" \/>\n<meta property=\"og:description\" content=\"CHITILAHUB Contacteaz\u0103-ne Suntem aici pentru a r\u0103spunde \u00eentreb\u0103rilor tale \u0219i pentru a te ghida \u00een universul New European Bauhaus. Dac\u0103 ai nevoie de informa\u021bii suplimentare, vrei s\u0103 colaborezi cu noi sau dore\u0219ti s\u0103 te implici \u00een proiectele NEB, te invit\u0103m s\u0103 ne scrii cu \u00eencredere. EMAIL contact@chitilahub.ro\" \/>\n<meta property=\"og:url\" content=\"https:\/\/chitilahub.ro\/?page_id=19008\" \/>\n<meta property=\"og:site_name\" content=\"ChitillaHUB\" \/>\n<meta property=\"article:modified_time\" content=\"2025-11-20T09:19:14+00:00\" \/>\n<meta property=\"og:image\" content=\"https:\/\/chitilahub.ro\/wp-content\/uploads\/2025\/11\/signature_1-1.png\" \/>\n\t<meta property=\"og:image:width\" content=\"991\" \/>\n\t<meta property=\"og:image:height\" content=\"417\" \/>\n\t<meta property=\"og:image:type\" content=\"image\/png\" \/>\n<meta name=\"twitter:card\" content=\"summary_large_image\" \/>\n<meta name=\"twitter:label1\" content=\"Est. reading time\" \/>\n\t<meta name=\"twitter:data1\" content=\"1 minute\" \/>\n<script type=\"application\/ld+json\" class=\"yoast-schema-graph\">{\"@context\":\"https:\/\/schema.org\",\"@graph\":[{\"@type\":\"WebPage\",\"@id\":\"https:\/\/chitilahub.ro\/?page_id=19008\",\"url\":\"https:\/\/chitilahub.ro\/?page_id=19008\",\"name\":\"Contact - ChitillaHUB\",\"isPartOf\":{\"@id\":\"https:\/\/chitilahub.ro\/#website\"},\"primaryImageOfPage\":{\"@id\":\"https:\/\/chitilahub.ro\/?page_id=19008#primaryimage\"},\"image\":{\"@id\":\"https:\/\/chitilahub.ro\/?page_id=19008#primaryimage\"},\"thumbnailUrl\":\"https:\/\/chitilahub.ro\/wp-content\/uploads\/2025\/11\/signature_1-1.png\",\"datePublished\":\"2023-06-08T07:40:01+00:00\",\"dateModified\":\"2025-11-20T09:19:14+00:00\",\"breadcrumb\":{\"@id\":\"https:\/\/chitilahub.ro\/?page_id=19008#breadcrumb\"},\"inLanguage\":\"en-US\",\"potentialAction\":[{\"@type\":\"ReadAction\",\"target\":[\"https:\/\/chitilahub.ro\/?page_id=19008\"]}]},{\"@type\":\"ImageObject\",\"inLanguage\":\"en-US\",\"@id\":\"https:\/\/chitilahub.ro\/?page_id=19008#primaryimage\",\"url\":\"https:\/\/chitilahub.ro\/wp-content\/uploads\/2025\/11\/signature_1-1.png\",\"contentUrl\":\"https:\/\/chitilahub.ro\/wp-content\/uploads\/2025\/11\/signature_1-1.png\",\"width\":991,\"height\":417},{\"@type\":\"BreadcrumbList\",\"@id\":\"https:\/\/chitilahub.ro\/?page_id=19008#breadcrumb\",\"itemListElement\":[{\"@type\":\"ListItem\",\"position\":1,\"name\":\"Home\",\"item\":\"https:\/\/chitilahub.ro\/\"},{\"@type\":\"ListItem\",\"position\":2,\"name\":\"Contact\"}]},{\"@type\":\"WebSite\",\"@id\":\"https:\/\/chitilahub.ro\/#website\",\"url\":\"https:\/\/chitilahub.ro\/\",\"name\":\"ChitillaHUB\",\"description\":\"\",\"potentialAction\":[{\"@type\":\"SearchAction\",\"target\":{\"@type\":\"EntryPoint\",\"urlTemplate\":\"https:\/\/chitilahub.ro\/?s={search_term_string}\"},\"query-input\":{\"@type\":\"PropertyValueSpecification\",\"valueRequired\":true,\"valueName\":\"search_term_string\"}}],\"inLanguage\":\"en-US\"}]}<\/script>\n<!-- \/ Yoast SEO plugin. -->","yoast_head_json":{"title":"Contact - ChitillaHUB","robots":{"index":"index","follow":"follow","max-snippet":"max-snippet:-1","max-image-preview":"max-image-preview:large","max-video-preview":"max-video-preview:-1"},"canonical":"https:\/\/chitilahub.ro\/?page_id=19008","og_locale":"en_US","og_type":"article","og_title":"Contact - ChitillaHUB","og_description":"CHITILAHUB Contacteaz\u0103-ne Suntem aici pentru a r\u0103spunde \u00eentreb\u0103rilor tale \u0219i pentru a te ghida \u00een universul New European Bauhaus. Dac\u0103 ai nevoie de informa\u021bii suplimentare, vrei s\u0103 colaborezi cu noi sau dore\u0219ti s\u0103 te implici \u00een proiectele NEB, te invit\u0103m s\u0103 ne scrii cu \u00eencredere. EMAIL contact@chitilahub.ro","og_url":"https:\/\/chitilahub.ro\/?page_id=19008","og_site_name":"ChitillaHUB","article_modified_time":"2025-11-20T09:19:14+00:00","og_image":[{"width":991,"height":417,"url":"https:\/\/chitilahub.ro\/wp-content\/uploads\/2025\/11\/signature_1-1.png","type":"image\/png"}],"twitter_card":"summary_large_image","twitter_misc":{"Est. reading time":"1 minute"},"schema":{"@context":"https:\/\/schema.org","@graph":[{"@type":"WebPage","@id":"https:\/\/chitilahub.ro\/?page_id=19008","url":"https:\/\/chitilahub.ro\/?page_id=19008","name":"Contact - ChitillaHUB","isPartOf":{"@id":"https:\/\/chitilahub.ro\/#website"},"primaryImageOfPage":{"@id":"https:\/\/chitilahub.ro\/?page_id=19008#primaryimage"},"image":{"@id":"https:\/\/chitilahub.ro\/?page_id=19008#primaryimage"},"thumbnailUrl":"https:\/\/chitilahub.ro\/wp-content\/uploads\/2025\/11\/signature_1-1.png","datePublished":"2023-06-08T07:40:01+00:00","dateModified":"2025-11-20T09:19:14+00:00","breadcrumb":{"@id":"https:\/\/chitilahub.ro\/?page_id=19008#breadcrumb"},"inLanguage":"en-US","potentialAction":[{"@type":"ReadAction","target":["https:\/\/chitilahub.ro\/?page_id=19008"]}]},{"@type":"ImageObject","inLanguage":"en-US","@id":"https:\/\/chitilahub.ro\/?page_id=19008#primaryimage","url":"https:\/\/chitilahub.ro\/wp-content\/uploads\/2025\/11\/signature_1-1.png","contentUrl":"https:\/\/chitilahub.ro\/wp-content\/uploads\/2025\/11\/signature_1-1.png","width":991,"height":417},{"@type":"BreadcrumbList","@id":"https:\/\/chitilahub.ro\/?page_id=19008#breadcrumb","itemListElement":[{"@type":"ListItem","position":1,"name":"Home","item":"https:\/\/chitilahub.ro\/"},{"@type":"ListItem","position":2,"name":"Contact"}]},{"@type":"WebSite","@id":"https:\/\/chitilahub.ro\/#website","url":"https:\/\/chitilahub.ro\/","name":"ChitillaHUB","description":"","potentialAction":[{"@type":"SearchAction","target":{"@type":"EntryPoint","urlTemplate":"https:\/\/chitilahub.ro\/?s={search_term_string}"},"query-input":{"@type":"PropertyValueSpecification","valueRequired":true,"valueName":"search_term_string"}}],"inLanguage":"en-US"}]}},"campaignId":"","_links":{"self":[{"href":"https:\/\/chitilahub.ro\/index.php?rest_route=\/wp\/v2\/pages\/19008","targetHints":{"allow":["GET"]}}],"collection":[{"href":"https:\/\/chitilahub.ro\/index.php?rest_route=\/wp\/v2\/pages"}],"about":[{"href":"https:\/\/chitilahub.ro\/index.php?rest_route=\/wp\/v2\/types\/page"}],"author":[{"embeddable":true,"href":"https:\/\/chitilahub.ro\/index.php?rest_route=\/wp\/v2\/users\/1"}],"replies":[{"embeddable":true,"href":"https:\/\/chitilahub.ro\/index.php?rest_route=%2Fwp%2Fv2%2Fcomments&post=19008"}],"version-history":[{"count":22,"href":"https:\/\/chitilahub.ro\/index.php?rest_route=\/wp\/v2\/pages\/19008\/revisions"}],"predecessor-version":[{"id":19327,"href":"https:\/\/chitilahub.ro\/index.php?rest_route=\/wp\/v2\/pages\/19008\/revisions\/19327"}],"wp:attachment":[{"href":"https:\/\/chitilahub.ro\/index.php?rest_route=%2Fwp%2Fv2%2Fmedia&parent=19008"}],"curies":[{"name":"wp","href":"https:\/\/api.w.org\/{rel}","templated":true}]}}