{"id":19285,"date":"2025-11-20T08:45:00","date_gmt":"2025-11-20T08:45:00","guid":{"rendered":"https:\/\/chitilahub.ro\/?page_id=19285"},"modified":"2025-11-20T08:45:02","modified_gmt":"2025-11-20T08:45:02","slug":"protectia-datelor","status":"publish","type":"page","link":"https:\/\/chitilahub.ro\/?page_id=19285","title":{"rendered":"Protec\u021bia Datelor"},"content":{"rendered":"\n<p><strong>POLITIC\u0102 DE CONFIDEN\u021aIALITATE<\/strong><\/p>\n\n\n\n<p><strong>UAT CHITILA<\/strong>, (denumit \u00een cele ce urmeaz\u0103 Operatorul), cu sediul in cu sediul \u00een Ora\u0219ul Chitila, Str. Ion Olteanu, nr. 6, jude\u021bul Ilfov, proprietar al site-urilor www.chitilahub.ro, \u00een calitate de Operator de date cu caracter personal se oblig\u0103 s\u0103 respecte confiden\u0163ialitatea \u0219i securitatea datelor personale prelucrate. \u00cen acest sens Operatorul a adoptat m\u0103suri tehnice \u015fi organizatorice de securitate adecvate activit\u0103\u021bii prestate.<\/p>\n\n\n\n<p>Persoanele (vizate) ale c\u0103ror date pot fi prelucrate de c\u0103tre\u00a0<strong>UAT CHITILA<\/strong>\u00a0sunt: persoane fizice, public larg, reprezentan\u0163ii\/\u00eemputernici\u0163ii ai companiilor colaboratoare, legali sau conven\u0163ionali, vizitatorii siteurilor\u00a0www.chitilahub.ro<\/p>\n\n\n\n<p><strong>PRELUCRAREA DATELOR CU CARACTER PERSONAL<\/strong>&nbsp;reprezint\u0103 orice opera\u021biune sau set de opera\u021biuni, care se efectueaz\u0103 asupra datelor dumneavoastr\u0103 cu caracter personal, prin mijloace automate sau neautomate, cum ar fi: colectarea, \u00eenregistrarea, organizarea, structurarea, stocarea, adaptarea sau modificarea, extragerea, consultarea, utilizarea, divulgarea prin transmitere, diseminarea sau punerea la dispozi\u0163ie \u00een orice alt mod, alinierea sau combinarea, restric\u0163ionarea, blocarea, \u0219tergerea sau distrugerea.<\/p>\n\n\n\n<p><strong>DATE CU CARACTER PERSONAL PRELUCRATE DE C\u0102TRE UAT CHITILA:<\/strong><\/p>\n\n\n\n<p>Datele cu caracter personal pe care vi le putem solicita \u00een func\u021bie de caz, sunt urm\u0103toarele:<\/p>\n\n\n\n<ul class=\"wp-block-list\">\n<li>Nume \u0219i prenume;<\/li>\n\n\n\n<li>telefon\/fax ;<\/li>\n\n\n\n<li>adresa de domiciliu\/re\u0219edin\u021b\u0103;<\/li>\n\n\n\n<li>e-mail;<\/li>\n\n\n\n<li>C.N.P. ;<\/li>\n\n\n\n<li>adresa IP;<\/li>\n\n\n\n<li>documente identitate: serie, numar, data eliberarii, denumire emitent, valabilitate, copie;<\/li>\n\n\n\n<li>informa\u021bii colectate pe parcursul acces\u0103rii site-ului privind preferin\u021bele dumneavoastr\u0103, \u00een m\u0103sura \u00een care acestea sunt relevante pentru noi ;<\/li>\n\n\n\n<li>imagini statice sau \u00een mi\u0219care \u00eenregistrate prin intermediul sistemului CCTV \u00een cazul \u00een care vizita\u021bi sediul\/sediile unde se lucreaz\u0103 cu publicul.<\/li>\n<\/ul>\n\n\n\n<p>Politica intern\u0103 privind protec\u021bia \u0219i securitatea datelor personale, face referire la principiul minimiz\u0103rii datelor personale prelucrate, prin reducerea la strictul necesar prezentat \u00een Politica de Confiden\u021bialitate.<\/p>\n\n\n\n<p><strong>UAT CHITILA<\/strong>&nbsp;nu va prelucra datele dumneavoastr\u0103 personale dec\u00e2t \u00een m\u0103sura \u00een care este necesar pentru \u00eendeplinirea scopurilor prev\u0103zute \u00een acest document.<\/p>\n\n\n\n<p>V\u0103 rug\u0103m s\u0103 consulta\u021bi \u0219i Politica Cookies, disponibil\u0103 pe site-urilor\u00a0www.chitilahub.ro, pentru o mai bun\u0103 \u00een\u021belegere a func\u021bion\u0103rii diverselor microprograme precum cookie-urile \u00een cadrul site-ului nostru.<\/p>\n\n\n\n<p><strong>SCOPURILE COLECT\u0102RII DATELOR CU CARACTER PERSONAL:<\/strong><\/p>\n\n\n\n<p>Operatorul prelucreaz\u0103 date personale, \u00een conformitate cu prevederile legale specifice aplicabile, \u00een leg\u0103tur\u0103 cu derularea urm\u0103toarelor activit\u0103\u021bi:<\/p>\n\n\n\n<ul class=\"wp-block-list\">\n<li>impozitele \u0219i taxele locale, amenzi contraven\u021bionale, munc\u0103 \u00een folosul comunit\u0103\u021bii;<\/li>\n\n\n\n<li>colectare debite\/ recuperare crean\u021be; emitere autoriza\u021bii\/ licen\u021be;<\/li>\n\n\n\n<li>resurse umane;<\/li>\n\n\n\n<li>fond funciar;<\/li>\n\n\n\n<li>gestiunea economico-financiar\u0103 \u0219i administrativ\u0103;<\/li>\n\n\n\n<li>darea \u00een administrare, concesionarea sau \u00eenchirierea bunurilor proprietate public\u0103 a Ora\u0219ului<\/li>\n\n\n\n<li>v\u00e2nzarea, concesionarea sau \u00eenchirierea bunurilor proprietate privat\u0103 din zona teritoriala a\u00a0<strong>UAT CHITILA;<\/strong><\/li>\n\n\n\n<li>urbanism \u0219i amenajarea teritoriului;<\/li>\n\n\n\n<li>registrul electoral- eviden\u021b\u0103 electoral\u0103;<\/li>\n\n\n\n<li>arhiv\u0103;<\/li>\n\n\n\n<li>registratur\u0103;<\/li>\n\n\n\n<li>gestionarea declara\u021biilor de avere \u0219i interese;<\/li>\n\n\n\n<li>protec\u021bie \u0219i asisten\u021b\u0103 social\u0103, autoritate tutelar\u0103;<\/li>\n\n\n\n<li>situa\u021bii de urgenta;<\/li>\n\n\n\n<li>solu\u021bionare peti\u021bii\/sesiz\u0103ri;<\/li>\n\n\n\n<li>statistic\u0103;<\/li>\n\n\n\n<li>starea civil\u0103 \u0219i eviden\u021ba persoanelor;<\/li>\n\n\n\n<li>asigurarea securit\u0103\u021bii sistemelor noastre IT, sistemelor de comunica\u021bii, website-ului, prevenirea \u0219i detectarea amenin\u021b\u0103rilor de securitate, fraudelor sau a altor activit\u0103\u021bi infrac\u021bionale sau mali\u021bioase;<\/li>\n\n\n\n<li>comunicarea cu persoanele fizice \u00een vederea solu\u021bion\u0103rii solicit\u0103rilor\/peti\u021biilor\/pl\u00e2ngerilor, pentru \u00eenscrierea \u00een audien\u021ba, alte comunic\u0103ri.<\/li>\n\n\n\n<li>solu\u021bionarea notific\u0103rilor de \u00eenc\u0103lcare a drepturilor persoanei vizate;<\/li>\n\n\n\n<li>paza si protec\u021bia bunurilor \u0219i persoanelor aflate \u00een sediul\/sediile unde se lucreaz\u0103 cu publicul;<\/li>\n\n\n\n<li>realizarea oric\u0103ror obliga\u021bii legale incidente;<\/li>\n<\/ul>\n\n\n\n<p><strong>Not\u0103!<\/strong>&nbsp;\u00cen cazul \u00een care persoana vizat\u0103 nu este de acord cu furnizarea datelor personale enumerate \u00een acest formular , aceasta nu va putea colabora cu Operatorul \u00een sensul scopurilor enumerate.<\/p>\n\n\n\n<p><strong>Aten\u021bie!<\/strong>&nbsp;UAT CHITILA folose\u0219te sisteme de supraveghere \u00een spa\u021biile unde se lucreaz\u0103 cu publicul. Daca nu dori\u021bi s\u0103 \u00eenregistram imagini statice sau \u00een miscare cu persoana Dvs v\u0103 rug\u0103m s\u0103 folosi\u021bi alte metode de comunicare cu reprezentan\u021bii UAT CHITILA!<\/p>\n\n\n\n<p><strong>UAT CHITILA<\/strong>&nbsp;trateaz\u0103 toate informa\u021biile personale ca fiind confiden\u021biale \u015fi le dezv\u0103luie c\u0103tre ter\u021bi doar \u00een condi\u021biile special prev\u0103zute de lege. Consim\u021b\u0103m\u00e2ntul dumneavoastr\u0103 poate fi necesar \u00een cazul \u00een care solicita\u021bi transmiterea informa\u021biilor personale c\u0103tre ter\u021be p\u0103r\u021bi.<\/p>\n\n\n\n<p><strong>TEMEIUL LEGAL AL PRELUCR\u0102RII<\/strong><\/p>\n\n\n\n<p>Datele cu caracter personal sunt prelucrate conform Art.6(1)lit.a,b,c,d,e,f GDPR(EU) 679\/2016 , puse la dispozitie de persoana vizata la solicitarea&nbsp;<strong>UAT CHITILA<\/strong>, prin intermediul unui formular on-line (existent pe site-urile mai sus numite), prin abonarea la newsletter, prin sistemul de monitorizare video, sau fizic c\u0103tre personalul autorizat al serviciilor\/birourilor\/compartimentelor&nbsp;<strong>UAT CHITILA<\/strong>.<\/p>\n\n\n\n<p>\u00cen cazul \u00een care&nbsp;<strong>NU<\/strong>&nbsp;sunte\u0163i de acord cu oricare dintre men\u021biunile din acest document v\u0103 rug\u0103m nu utiliza\u021bi website-ul nostru sau NU ne furniza\u0163i datele dvs. personale.<\/p>\n\n\n\n<p>Este posibil ca anumite servicii solicitate de dumneavoastr\u0103 s\u0103 fie condi\u021bionate de furnizarea unor date cu caracter personal, \u00eentr-o astfel de situa\u021bie refuzul furniz\u0103rii acestora poate duce la imposibilitatea prest\u0103rii serviciului respectiv.<\/p>\n\n\n\n<p>V\u0103 rug\u0103m s\u0103 consulta\u021bi \u0219i Politica Cookies, disponibil\u0103 pe site-urile\u00a0www.chitilahub.ro, pentru o mai bun\u0103 \u00een\u021belegere a func\u021bion\u0103rii diverselor microprograme precum cookie-urile \u00een cadrul site-ului nostru.<\/p>\n\n\n\n<p><strong>DESTINATARI AI DATELOR DUMNEAVOASTR\u0102 CU CARACTER PERSONAL.<\/strong><\/p>\n\n\n\n<p>Datele cu caracter personal prelucrate de c\u0103tre&nbsp;<strong>UAT CHITILA<\/strong>&nbsp;pot fi comunicate urm\u0103torilor destinatari, dup\u0103 caz:<\/p>\n\n\n\n<ul class=\"wp-block-list\">\n<li>Institu\u021bii\/autorit\u0103\u021bi centrale \u0219i locale \u00een vederea rezolv\u0103rii conform legii a peti\u021biilor;<\/li>\n\n\n\n<li>\u00cemputernici\u021bilor Operatorului, implica\u021bi \u00een mod direct\/indirect \u00een procesul de furnizare a serviciilor\/produselor (de exemplu: furnizori servicii curierat, furnizori de servicii IT, furnizori de servicii de \u00eentre\u021binere sistem CCTV, furnizori de servicii de marketing, newsletter, evaluarea satisfac\u021biei ceta\u021benilor) \u00een vederea realiz\u0103rii intereselor legitime;<\/li>\n\n\n\n<li>Autorit\u0103\u0163i publice centrale \u015fi locale, autorit\u0103\u0163i judec\u0103tore\u015fti, poli\u021bie, parchet;<\/li>\n<\/ul>\n\n\n\n<p><strong>DURATA PRELUCR\u0102RII DATELOR CU CARACTER PERSONAL .<\/strong><\/p>\n\n\n\n<p>Datele personale vor fi prelucrate pe perioada necesar\u0103 efectu\u0103rii tuturor demersurilor necesare sus\u021binerii activit\u0103\u021bilor serviciilor\/ birourilor\/ compartimentelor din cadrul UAT CHITILA (ex. rela\u021bii publice, peti\u021bionare, formulare de puncte de vedere, organizare, derulare programe, solu\u021bionarea ac\u021biunilor de c\u0103tre instan\u021bele de judecat\u0103 competente, \u00eendeplinirea atribu\u021biilor legale de control \u0219i investigare, solu\u021bionare a pl\u00e2ngerilor, \u00eenregistrarea \u0219i solu\u021bionarea notific\u0103rilor de \u00eenc\u0103lcare a securit\u0103\u021bii datelor cu caracter personal, precum \u0219i \u00eenregistrarea diverselor formulare cu scopul \u00eenrol\u0103rii \u00een diversele programe specifice derulate de c\u0103tre UAT CHITILA), sau \u00een conformitate cu cerin\u021bele legale. Ulterior \u00eencheierii opera\u0163iunilor de prelucrare a datelor cu caracter personal, \u00een scopul pentru care au fost colectate, aceste date vor fi anonimizate conform procedurilor interne.<\/p>\n\n\n\n<p><strong>M\u0102SURI&nbsp;&nbsp;&nbsp;&nbsp;&nbsp; DE&nbsp;&nbsp;&nbsp;&nbsp;&nbsp;&nbsp; SIGURAN\u0162\u0102 UTILIZATE PENTRU&nbsp;&nbsp;&nbsp;&nbsp;&nbsp;&nbsp;&nbsp;&nbsp; PROTEJAREA DATELOR DUMNEAVOASTR\u0102.<\/strong><\/p>\n\n\n\n<p>Pentru a evita utilizarea f\u0103r\u0103 drept a datelor personale, precum \u015fi eventualele abuzuri, UAT CHITILA utilizeaz\u0103 metode \u015fi tehnologii de securitate combinate cu politici \u015fi proceduri de lucru adecvate, pentru a proteja datele cu caracter personal colectate.<\/p>\n\n\n\n<p><strong>Not\u0103!<\/strong>&nbsp;Securitatea integral\u0103 a datelor transmise prin internet nu poate fi \u00eens\u0103 niciodat\u0103 garantat\u0103. Orice transmisie de date se face pe riscul persoanei vizate.<\/p>\n\n\n\n<p>V\u0103 asigur\u0103m c\u0103&nbsp;<strong>UAT CHITILA<\/strong>&nbsp;depune toate eforturile \u00een privin\u0163a protej\u0103rii datelor personale, prelucrate prin intermediul website-urilor noastre. Avem implementate proceduri \u015fi m\u0103suri stricte de siguran\u0163\u0103 \u00eempotriva utiliz\u0103rii neautorizate, nelegale, distrugerii, pierderii accidentale sau divulg\u0103rii datelor personale.<\/p>\n\n\n\n<p><strong>DREPTURILE PERSOANEI VIZATE.<\/strong><\/p>\n\n\n\n<p>Persoanele vizate beneficiaz\u0103, conform prevederilor legale aplicabile \u00een leg\u0103tur\u0103 cu protec\u021bia datelor de:<\/p>\n\n\n\n<ul class=\"wp-block-list\">\n<li>dreptul de acces la datele personale;<\/li>\n\n\n\n<li>dreptul la rectificare asupra datelor personale;<\/li>\n\n\n\n<li>dreptul la \u015ftergere ( dreptul de a fi uitat) a datelor personale;<\/li>\n\n\n\n<li>dreptul la restric\u0163ionarea prelucr\u0103rii;<\/li>\n\n\n\n<li>dreptul la portabilitatea datelor;<\/li>\n\n\n\n<li>dreptul la opozi\u0163ie.<\/li>\n<\/ul>\n\n\n\n<p>Persoanelor vizate le este recunoscut dreptul de a depune o pl\u00e2ngere \u00een fa\u021ba Autorit\u0103\u0163i de supraveghere \u015fi\/sau de a introduce o cale de atac judiciar\u0103.<\/p>\n\n\n\n<p>\u00cen cazul \u00een care, persoanele vizate, direct sau prin reprezentant, \u00ee\u015fi exercit\u0103 drepturile men\u0163ionate mai sus, \u00een mod v\u0103dit nefondat, nejustificat sau excesiv, \u00een special din cauz\u0103 caracterului lor repetitiv,&nbsp;<strong>UAT CHITILA<\/strong>&nbsp;poate:<\/p>\n\n\n\n<ul class=\"wp-block-list\">\n<li>fie s\u0103 perceap\u0103 o taxa rezonabil\u0103 \u0163in\u00e2nd cont de costurile administrative pentru furnizarea informa\u0163iilor sau a comunic\u0103rii sau pentru luarea masurilor solicitate;<\/li>\n\n\n\n<li>fie sa refuze s\u0103 dea curs cererii.<\/li>\n<\/ul>\n\n\n\n<p>Pentru exercitarea acestor drepturi, dumneavoastr\u0103 v\u0103 pute\u0163i adresa cu o cerere scris\u0103, la sediul\u00a0<strong>UAT CHITILA<\/strong>\u00a0sau la adresa de e-mail\u00a0<a href=\"mailto:primar@primariachitila.ro\">contact@chitilahub.ro<\/a>.<\/p>\n\n\n\n<p>Va informam ca Responsabilul cu Protec\u021bia Datelor poate fi contactat la adresa de mail:&nbsp;<a href=\"mailto:adrian.magda@gdprservicii.ro\">adrian.magda@gdprservicii.ro<\/a><\/p>\n\n\n\n<p>Prin citirea acestui document presupunem c\u0103 Persoana Vizat\u0103 a luat la cuno\u0219tin\u021b\u0103 \u015fi \u00een\u021belege faptul c\u0103<\/p>\n\n\n\n<p>necesitatea prelucr\u0103rii de date cu caracter personal constituie elemente determinante pentru accesarea serviciilor oferite de c\u0103tre&nbsp;<strong>UAT CHITILA<\/strong>.<\/p>\n\n\n\n<p>Aceste prevederi pot suferi modific\u0103ri\/actualiz\u0103ri ocazionale. V\u0103 recomand\u0103m s\u0103 verifica\u0163i la fiecare utilizare, a website-urilor\u00a0chitilahub.ro, \u00a0capitolul \u201dPolitic\u0103 de Confiden\u021bialitate\u201d pentru a fi tot timpul informa\u0163i \u00een leg\u0103tur\u0103 modific\u0103rile ce pot ap\u0103rea. Prin accesarea website-ului sau utilizarea serviciilor oferite prin intermediul acestuia, ulterior modific\u0103rilor, noile prevederi se vor considera acceptate.<\/p>\n\n\n\n<p><\/p>\n","protected":false},"excerpt":{"rendered":"<p>POLITIC\u0102 DE CONFIDEN\u021aIALITATE UAT CHITILA, (denumit \u00een cele ce urmeaz\u0103 Operatorul), cu sediul in cu sediul \u00een Ora\u0219ul Chitila, Str. Ion Olteanu, nr. 6, jude\u021bul Ilfov, proprietar al site-urilor www.chitilahub.ro, \u00een calitate de Operator de date cu caracter personal se oblig\u0103 s\u0103 respecte confiden\u0163ialitatea \u0219i securitatea datelor personale prelucrate. \u00cen acest sens Operatorul a adoptat [&hellip;]<\/p>\n","protected":false},"author":1,"featured_media":0,"parent":0,"menu_order":0,"comment_status":"closed","ping_status":"closed","template":"","meta":{"give_campaign_id":0,"footnotes":""},"class_list":["post-19285","page","type-page","status-publish","hentry"],"yoast_head":"<!-- This site is optimized with the Yoast SEO plugin v26.3 - https:\/\/yoast.com\/wordpress\/plugins\/seo\/ -->\n<title>Protec\u021bia Datelor - ChitillaHUB<\/title>\n<meta name=\"robots\" content=\"index, follow, max-snippet:-1, max-image-preview:large, max-video-preview:-1\" \/>\n<link rel=\"canonical\" href=\"https:\/\/chitilahub.ro\/?page_id=19285\" \/>\n<meta property=\"og:locale\" content=\"en_US\" \/>\n<meta property=\"og:type\" content=\"article\" \/>\n<meta property=\"og:title\" content=\"Protec\u021bia Datelor - ChitillaHUB\" \/>\n<meta property=\"og:description\" content=\"POLITIC\u0102 DE CONFIDEN\u021aIALITATE UAT CHITILA, (denumit \u00een cele ce urmeaz\u0103 Operatorul), cu sediul in cu sediul \u00een Ora\u0219ul Chitila, Str. Ion Olteanu, nr. 6, jude\u021bul Ilfov, proprietar al site-urilor www.chitilahub.ro, \u00een calitate de Operator de date cu caracter personal se oblig\u0103 s\u0103 respecte confiden\u0163ialitatea \u0219i securitatea datelor personale prelucrate. \u00cen acest sens Operatorul a adoptat [&hellip;]\" \/>\n<meta property=\"og:url\" content=\"https:\/\/chitilahub.ro\/?page_id=19285\" \/>\n<meta property=\"og:site_name\" content=\"ChitillaHUB\" \/>\n<meta property=\"article:modified_time\" content=\"2025-11-20T08:45:02+00:00\" \/>\n<meta name=\"twitter:card\" content=\"summary_large_image\" \/>\n<meta name=\"twitter:label1\" content=\"Est. reading time\" \/>\n\t<meta name=\"twitter:data1\" content=\"6 minutes\" \/>\n<script type=\"application\/ld+json\" class=\"yoast-schema-graph\">{\"@context\":\"https:\/\/schema.org\",\"@graph\":[{\"@type\":\"WebPage\",\"@id\":\"https:\/\/chitilahub.ro\/?page_id=19285\",\"url\":\"https:\/\/chitilahub.ro\/?page_id=19285\",\"name\":\"Protec\u021bia Datelor - ChitillaHUB\",\"isPartOf\":{\"@id\":\"https:\/\/chitilahub.ro\/#website\"},\"datePublished\":\"2025-11-20T08:45:00+00:00\",\"dateModified\":\"2025-11-20T08:45:02+00:00\",\"breadcrumb\":{\"@id\":\"https:\/\/chitilahub.ro\/?page_id=19285#breadcrumb\"},\"inLanguage\":\"en-US\",\"potentialAction\":[{\"@type\":\"ReadAction\",\"target\":[\"https:\/\/chitilahub.ro\/?page_id=19285\"]}]},{\"@type\":\"BreadcrumbList\",\"@id\":\"https:\/\/chitilahub.ro\/?page_id=19285#breadcrumb\",\"itemListElement\":[{\"@type\":\"ListItem\",\"position\":1,\"name\":\"Home\",\"item\":\"https:\/\/chitilahub.ro\/\"},{\"@type\":\"ListItem\",\"position\":2,\"name\":\"Protec\u021bia Datelor\"}]},{\"@type\":\"WebSite\",\"@id\":\"https:\/\/chitilahub.ro\/#website\",\"url\":\"https:\/\/chitilahub.ro\/\",\"name\":\"ChitillaHUB\",\"description\":\"\",\"potentialAction\":[{\"@type\":\"SearchAction\",\"target\":{\"@type\":\"EntryPoint\",\"urlTemplate\":\"https:\/\/chitilahub.ro\/?s={search_term_string}\"},\"query-input\":{\"@type\":\"PropertyValueSpecification\",\"valueRequired\":true,\"valueName\":\"search_term_string\"}}],\"inLanguage\":\"en-US\"}]}<\/script>\n<!-- \/ Yoast SEO plugin. -->","yoast_head_json":{"title":"Protec\u021bia Datelor - ChitillaHUB","robots":{"index":"index","follow":"follow","max-snippet":"max-snippet:-1","max-image-preview":"max-image-preview:large","max-video-preview":"max-video-preview:-1"},"canonical":"https:\/\/chitilahub.ro\/?page_id=19285","og_locale":"en_US","og_type":"article","og_title":"Protec\u021bia Datelor - ChitillaHUB","og_description":"POLITIC\u0102 DE CONFIDEN\u021aIALITATE UAT CHITILA, (denumit \u00een cele ce urmeaz\u0103 Operatorul), cu sediul in cu sediul \u00een Ora\u0219ul Chitila, Str. Ion Olteanu, nr. 6, jude\u021bul Ilfov, proprietar al site-urilor www.chitilahub.ro, \u00een calitate de Operator de date cu caracter personal se oblig\u0103 s\u0103 respecte confiden\u0163ialitatea \u0219i securitatea datelor personale prelucrate. \u00cen acest sens Operatorul a adoptat [&hellip;]","og_url":"https:\/\/chitilahub.ro\/?page_id=19285","og_site_name":"ChitillaHUB","article_modified_time":"2025-11-20T08:45:02+00:00","twitter_card":"summary_large_image","twitter_misc":{"Est. reading time":"6 minutes"},"schema":{"@context":"https:\/\/schema.org","@graph":[{"@type":"WebPage","@id":"https:\/\/chitilahub.ro\/?page_id=19285","url":"https:\/\/chitilahub.ro\/?page_id=19285","name":"Protec\u021bia Datelor - ChitillaHUB","isPartOf":{"@id":"https:\/\/chitilahub.ro\/#website"},"datePublished":"2025-11-20T08:45:00+00:00","dateModified":"2025-11-20T08:45:02+00:00","breadcrumb":{"@id":"https:\/\/chitilahub.ro\/?page_id=19285#breadcrumb"},"inLanguage":"en-US","potentialAction":[{"@type":"ReadAction","target":["https:\/\/chitilahub.ro\/?page_id=19285"]}]},{"@type":"BreadcrumbList","@id":"https:\/\/chitilahub.ro\/?page_id=19285#breadcrumb","itemListElement":[{"@type":"ListItem","position":1,"name":"Home","item":"https:\/\/chitilahub.ro\/"},{"@type":"ListItem","position":2,"name":"Protec\u021bia Datelor"}]},{"@type":"WebSite","@id":"https:\/\/chitilahub.ro\/#website","url":"https:\/\/chitilahub.ro\/","name":"ChitillaHUB","description":"","potentialAction":[{"@type":"SearchAction","target":{"@type":"EntryPoint","urlTemplate":"https:\/\/chitilahub.ro\/?s={search_term_string}"},"query-input":{"@type":"PropertyValueSpecification","valueRequired":true,"valueName":"search_term_string"}}],"inLanguage":"en-US"}]}},"campaignId":"","_links":{"self":[{"href":"https:\/\/chitilahub.ro\/index.php?rest_route=\/wp\/v2\/pages\/19285","targetHints":{"allow":["GET"]}}],"collection":[{"href":"https:\/\/chitilahub.ro\/index.php?rest_route=\/wp\/v2\/pages"}],"about":[{"href":"https:\/\/chitilahub.ro\/index.php?rest_route=\/wp\/v2\/types\/page"}],"author":[{"embeddable":true,"href":"https:\/\/chitilahub.ro\/index.php?rest_route=\/wp\/v2\/users\/1"}],"replies":[{"embeddable":true,"href":"https:\/\/chitilahub.ro\/index.php?rest_route=%2Fwp%2Fv2%2Fcomments&post=19285"}],"version-history":[{"count":1,"href":"https:\/\/chitilahub.ro\/index.php?rest_route=\/wp\/v2\/pages\/19285\/revisions"}],"predecessor-version":[{"id":19286,"href":"https:\/\/chitilahub.ro\/index.php?rest_route=\/wp\/v2\/pages\/19285\/revisions\/19286"}],"wp:attachment":[{"href":"https:\/\/chitilahub.ro\/index.php?rest_route=%2Fwp%2Fv2%2Fmedia&parent=19285"}],"curies":[{"name":"wp","href":"https:\/\/api.w.org\/{rel}","templated":true}]}}