{"id":19312,"date":"2025-11-20T09:05:34","date_gmt":"2025-11-20T09:05:34","guid":{"rendered":"https:\/\/chitilahub.ro\/?page_id=19312"},"modified":"2025-11-20T11:27:37","modified_gmt":"2025-11-20T11:27:37","slug":"ce-este-neb","status":"publish","type":"page","link":"https:\/\/chitilahub.ro\/?page_id=19312","title":{"rendered":"Ce este NEB?"},"content":{"rendered":"\t\t<div data-elementor-type=\"wp-page\" data-elementor-id=\"19312\" class=\"elementor elementor-19312\">\n\t\t\t\t<div class=\"elementor-element elementor-element-7d04d20 e-con-full e-flex e-con e-parent\" data-id=\"7d04d20\" data-element_type=\"container\">\n\t\t\t\t<div class=\"elementor-element elementor-element-21ff9ec elementor-widget elementor-widget-image\" data-id=\"21ff9ec\" data-element_type=\"widget\" data-widget_type=\"image.default\">\n\t\t\t\t\t\t\t\t\t\t\t\t\t\t\t<img fetchpriority=\"high\" decoding=\"async\" width=\"800\" height=\"254\" src=\"https:\/\/chitilahub.ro\/wp-content\/uploads\/2025\/11\/NEB_logo-1-1024x325.png\" class=\"attachment-large size-large wp-image-19294\" alt=\"\" srcset=\"https:\/\/chitilahub.ro\/wp-content\/uploads\/2025\/11\/NEB_logo-1-1024x325.png 1024w, https:\/\/chitilahub.ro\/wp-content\/uploads\/2025\/11\/NEB_logo-1-300x95.png 300w, https:\/\/chitilahub.ro\/wp-content\/uploads\/2025\/11\/NEB_logo-1-768x244.png 768w, https:\/\/chitilahub.ro\/wp-content\/uploads\/2025\/11\/NEB_logo-1-1536x487.png 1536w, https:\/\/chitilahub.ro\/wp-content\/uploads\/2025\/11\/NEB_logo-1-2048x649.png 2048w, https:\/\/chitilahub.ro\/wp-content\/uploads\/2025\/11\/NEB_logo-1-600x190.png 600w\" sizes=\"(max-width: 800px) 100vw, 800px\" \/>\t\t\t\t\t\t\t\t\t\t\t\t\t\t\t<\/div>\n\t\t\t\t<\/div>\n\t\t<div class=\"elementor-element elementor-element-6465b4a3 e-flex e-con-boxed e-con e-parent\" data-id=\"6465b4a3\" data-element_type=\"container\">\n\t\t\t\t\t<div class=\"e-con-inner\">\n\t\t\t\t<div class=\"elementor-element elementor-element-272539c2 elementor-widget elementor-widget-text-editor\" data-id=\"272539c2\" data-element_type=\"widget\" data-widget_type=\"text-editor.default\">\n\t\t\t\t\t\t\t\t\t\n<p><strong>New European Bauhaus (NEB)<\/strong> este o ini\u021biativ\u0103 lansat\u0103 de Uniunea European\u0103 pentru a transforma modul \u00een care construim, tr\u0103im \u0219i g\u00e2ndim spa\u021biile din jurul nostru. Scopul s\u0103u este de a crea o Europ\u0103 mai <strong>sustenabil\u0103<\/strong>, mai <strong>incluziv\u0103<\/strong> \u0219i mai <strong>frumoas\u0103<\/strong>, \u00een care tehnologia, cultura \u0219i natura se completeaz\u0103 armonios.<\/p>\n\n<p>Inspirat de mi\u0219carea Bauhaus din secolul trecut, NEB \u00eembin\u0103 designul, arta \u0219i inova\u021bia tehnic\u0103 pentru a aduce Green Deal-ul european mai aproape de oameni. Nu este doar un program de investi\u021bii, ci o <strong>viziune cultural\u0103<\/strong> care pune accent pe calitatea vie\u021bii.<\/p>\n\n<h2 class=\"wp-block-heading\"><strong>Valorile cheie ale NEB<\/strong><\/h2>\n\n<h3 class=\"wp-block-heading\"><strong>Sustenabilitate<\/strong><\/h3>\n\n<p>Promovarea materialelor prietenoase cu mediul, a eficien\u021bei energetice \u0219i a solu\u021biilor care reduc impactul asupra planetei.<\/p>\n\n<h3 class=\"wp-block-heading\"><strong>Incluziune<\/strong><\/h3>\n\n<p>Crearea unor spa\u021bii accesibile pentru toat\u0103 lumea, \u00een special pentru comunit\u0103\u021bile vulnerabile.<\/p>\n\n<h3 class=\"wp-block-heading\"><strong>Estetic\u0103<\/strong><\/h3>\n\n<p>Design orientat spre frumuse\u021be, armonie \u0219i experien\u021be vizuale pl\u0103cute.<\/p>\n\n<h2 class=\"wp-block-heading\"><strong>De ce este important NEB?<\/strong><\/h2>\n\n<p>Pentru c\u0103 transformarea climatic\u0103 nu \u00eenseamn\u0103 doar tehnologie \u0219i legisla\u021bie \u2014 \u00eenseamn\u0103 \u0219i cultur\u0103, emo\u021bie, comunitate. NEB aduce \u00eempreun\u0103 arhitec\u021bi, arti\u0219ti, ingineri, urbanisti, ONG-uri, companii \u0219i cet\u0103\u021beni pentru a crea proiecte cu impact real.<\/p>\n\n<h2 class=\"wp-block-heading\"><strong>Ce \u00ee\u0219i propune NEB s\u0103 schimbe?<\/strong><\/h2>\n\n<ul class=\"wp-block-list\">\n<li>modul \u00een care construim \u0219i renov\u0103m locuin\u021be;<\/li>\n\n<li>designul spa\u021biilor publice;<\/li>\n\n<li>integrarea naturii \u00een ora\u0219e;<\/li>\n\n<li>economia circular\u0103 \u0219i reutilizarea materialelor;<\/li>\n\n<li>colaborarea \u00eentre comunit\u0103\u021bi, institu\u021bii \u0219i mediul privat.<\/li>\n<\/ul>\n\n<p>New European Bauhaus este, \u00een esen\u021b\u0103, o invita\u021bie de a construi un viitor european mai verde, mai echitabil \u0219i mai inspirat.<\/p>\n\t\t\t\t\t\t\t\t<\/div>\n\t\t\t\t\t<\/div>\n\t\t\t\t<\/div>\n\t\t<div class=\"elementor-element elementor-element-4d01cb1 e-flex e-con-boxed e-con e-parent\" data-id=\"4d01cb1\" data-element_type=\"container\">\n\t\t\t\t\t<div class=\"e-con-inner\">\n\t\t\t\t<div class=\"elementor-element elementor-element-da4bb59 elementor-widget elementor-widget-heading\" data-id=\"da4bb59\" data-element_type=\"widget\" data-widget_type=\"heading.default\">\n\t\t\t\t\t<h2 class=\"elementor-heading-title elementor-size-default\">Link-uri utile<\/h2>\t\t\t\t<\/div>\n\t\t\t\t\t<\/div>\n\t\t\t\t<\/div>\n\t\t<div class=\"elementor-element elementor-element-1e5b14e e-flex e-con-boxed e-con e-parent\" data-id=\"1e5b14e\" data-element_type=\"container\">\n\t\t\t\t\t<div class=\"e-con-inner\">\n\t\t\t\t<div class=\"elementor-element elementor-element-6aa51c4 elementor-widget elementor-widget-heading\" data-id=\"6aa51c4\" data-element_type=\"widget\" data-widget_type=\"heading.default\">\n\t\t\t\t\t<h2 class=\"elementor-heading-title elementor-size-default\"><a href=\"https:\/\/www.adrbi.ro\/programe-regionale\/por-bi-2021-2027\/metodologie-neb\/\">Metodologie NEB<\/a><\/h2>\t\t\t\t<\/div>\n\t\t\t\t<div class=\"elementor-element elementor-element-3fa50ed elementor-widget elementor-widget-heading\" data-id=\"3fa50ed\" data-element_type=\"widget\" data-widget_type=\"heading.default\">\n\t\t\t\t\t<h2 class=\"elementor-heading-title elementor-size-default\"><a href=\"https:\/\/new-european-bauhaus.europa.eu\/events\/festival_en\">New European Bauhaus<\/a><\/h2>\t\t\t\t<\/div>\n\t\t\t\t\t<\/div>\n\t\t\t\t<\/div>\n\t\t\t\t<\/div>\n\t\t","protected":false},"excerpt":{"rendered":"<p>New European Bauhaus (NEB) este o ini\u021biativ\u0103 lansat\u0103 de Uniunea European\u0103 pentru a transforma modul \u00een care construim, tr\u0103im \u0219i g\u00e2ndim spa\u021biile din jurul nostru. Scopul s\u0103u este de a crea o Europ\u0103 mai sustenabil\u0103, mai incluziv\u0103 \u0219i mai frumoas\u0103, \u00een care tehnologia, cultura \u0219i natura se completeaz\u0103 armonios. Inspirat de mi\u0219carea Bauhaus din secolul [&hellip;]<\/p>\n","protected":false},"author":1,"featured_media":0,"parent":0,"menu_order":0,"comment_status":"closed","ping_status":"closed","template":"","meta":{"give_campaign_id":0,"footnotes":""},"class_list":["post-19312","page","type-page","status-publish","hentry"],"yoast_head":"<!-- This site is optimized with the Yoast SEO plugin v26.3 - https:\/\/yoast.com\/wordpress\/plugins\/seo\/ -->\n<title>Ce este NEB? - ChitillaHUB<\/title>\n<meta name=\"robots\" content=\"index, follow, max-snippet:-1, max-image-preview:large, max-video-preview:-1\" \/>\n<link rel=\"canonical\" href=\"https:\/\/chitilahub.ro\/?page_id=19312\" \/>\n<meta property=\"og:locale\" content=\"en_US\" \/>\n<meta property=\"og:type\" content=\"article\" \/>\n<meta property=\"og:title\" content=\"Ce este NEB? - ChitillaHUB\" \/>\n<meta property=\"og:description\" content=\"New European Bauhaus (NEB) este o ini\u021biativ\u0103 lansat\u0103 de Uniunea European\u0103 pentru a transforma modul \u00een care construim, tr\u0103im \u0219i g\u00e2ndim spa\u021biile din jurul nostru. Scopul s\u0103u este de a crea o Europ\u0103 mai sustenabil\u0103, mai incluziv\u0103 \u0219i mai frumoas\u0103, \u00een care tehnologia, cultura \u0219i natura se completeaz\u0103 armonios. Inspirat de mi\u0219carea Bauhaus din secolul [&hellip;]\" \/>\n<meta property=\"og:url\" content=\"https:\/\/chitilahub.ro\/?page_id=19312\" \/>\n<meta property=\"og:site_name\" content=\"ChitillaHUB\" \/>\n<meta property=\"article:modified_time\" content=\"2025-11-20T11:27:37+00:00\" \/>\n<meta property=\"og:image\" content=\"https:\/\/chitilahub.ro\/wp-content\/uploads\/2025\/11\/NEB_logo-1-scaled.png\" \/>\n\t<meta property=\"og:image:width\" content=\"2560\" \/>\n\t<meta property=\"og:image:height\" content=\"812\" \/>\n\t<meta property=\"og:image:type\" content=\"image\/png\" \/>\n<meta name=\"twitter:card\" content=\"summary_large_image\" \/>\n<script type=\"application\/ld+json\" class=\"yoast-schema-graph\">{\"@context\":\"https:\/\/schema.org\",\"@graph\":[{\"@type\":\"WebPage\",\"@id\":\"https:\/\/chitilahub.ro\/?page_id=19312\",\"url\":\"https:\/\/chitilahub.ro\/?page_id=19312\",\"name\":\"Ce este NEB? - ChitillaHUB\",\"isPartOf\":{\"@id\":\"https:\/\/chitilahub.ro\/#website\"},\"primaryImageOfPage\":{\"@id\":\"https:\/\/chitilahub.ro\/?page_id=19312#primaryimage\"},\"image\":{\"@id\":\"https:\/\/chitilahub.ro\/?page_id=19312#primaryimage\"},\"thumbnailUrl\":\"https:\/\/chitilahub.ro\/wp-content\/uploads\/2025\/11\/NEB_logo-1-1024x325.png\",\"datePublished\":\"2025-11-20T09:05:34+00:00\",\"dateModified\":\"2025-11-20T11:27:37+00:00\",\"breadcrumb\":{\"@id\":\"https:\/\/chitilahub.ro\/?page_id=19312#breadcrumb\"},\"inLanguage\":\"en-US\",\"potentialAction\":[{\"@type\":\"ReadAction\",\"target\":[\"https:\/\/chitilahub.ro\/?page_id=19312\"]}]},{\"@type\":\"ImageObject\",\"inLanguage\":\"en-US\",\"@id\":\"https:\/\/chitilahub.ro\/?page_id=19312#primaryimage\",\"url\":\"https:\/\/chitilahub.ro\/wp-content\/uploads\/2025\/11\/NEB_logo-1-scaled.png\",\"contentUrl\":\"https:\/\/chitilahub.ro\/wp-content\/uploads\/2025\/11\/NEB_logo-1-scaled.png\",\"width\":2560,\"height\":812},{\"@type\":\"BreadcrumbList\",\"@id\":\"https:\/\/chitilahub.ro\/?page_id=19312#breadcrumb\",\"itemListElement\":[{\"@type\":\"ListItem\",\"position\":1,\"name\":\"Home\",\"item\":\"https:\/\/chitilahub.ro\/\"},{\"@type\":\"ListItem\",\"position\":2,\"name\":\"Ce este NEB?\"}]},{\"@type\":\"WebSite\",\"@id\":\"https:\/\/chitilahub.ro\/#website\",\"url\":\"https:\/\/chitilahub.ro\/\",\"name\":\"ChitillaHUB\",\"description\":\"\",\"potentialAction\":[{\"@type\":\"SearchAction\",\"target\":{\"@type\":\"EntryPoint\",\"urlTemplate\":\"https:\/\/chitilahub.ro\/?s={search_term_string}\"},\"query-input\":{\"@type\":\"PropertyValueSpecification\",\"valueRequired\":true,\"valueName\":\"search_term_string\"}}],\"inLanguage\":\"en-US\"}]}<\/script>\n<!-- \/ Yoast SEO plugin. -->","yoast_head_json":{"title":"Ce este NEB? - ChitillaHUB","robots":{"index":"index","follow":"follow","max-snippet":"max-snippet:-1","max-image-preview":"max-image-preview:large","max-video-preview":"max-video-preview:-1"},"canonical":"https:\/\/chitilahub.ro\/?page_id=19312","og_locale":"en_US","og_type":"article","og_title":"Ce este NEB? - ChitillaHUB","og_description":"New European Bauhaus (NEB) este o ini\u021biativ\u0103 lansat\u0103 de Uniunea European\u0103 pentru a transforma modul \u00een care construim, tr\u0103im \u0219i g\u00e2ndim spa\u021biile din jurul nostru. Scopul s\u0103u este de a crea o Europ\u0103 mai sustenabil\u0103, mai incluziv\u0103 \u0219i mai frumoas\u0103, \u00een care tehnologia, cultura \u0219i natura se completeaz\u0103 armonios. Inspirat de mi\u0219carea Bauhaus din secolul [&hellip;]","og_url":"https:\/\/chitilahub.ro\/?page_id=19312","og_site_name":"ChitillaHUB","article_modified_time":"2025-11-20T11:27:37+00:00","og_image":[{"width":2560,"height":812,"url":"https:\/\/chitilahub.ro\/wp-content\/uploads\/2025\/11\/NEB_logo-1-scaled.png","type":"image\/png"}],"twitter_card":"summary_large_image","schema":{"@context":"https:\/\/schema.org","@graph":[{"@type":"WebPage","@id":"https:\/\/chitilahub.ro\/?page_id=19312","url":"https:\/\/chitilahub.ro\/?page_id=19312","name":"Ce este NEB? - ChitillaHUB","isPartOf":{"@id":"https:\/\/chitilahub.ro\/#website"},"primaryImageOfPage":{"@id":"https:\/\/chitilahub.ro\/?page_id=19312#primaryimage"},"image":{"@id":"https:\/\/chitilahub.ro\/?page_id=19312#primaryimage"},"thumbnailUrl":"https:\/\/chitilahub.ro\/wp-content\/uploads\/2025\/11\/NEB_logo-1-1024x325.png","datePublished":"2025-11-20T09:05:34+00:00","dateModified":"2025-11-20T11:27:37+00:00","breadcrumb":{"@id":"https:\/\/chitilahub.ro\/?page_id=19312#breadcrumb"},"inLanguage":"en-US","potentialAction":[{"@type":"ReadAction","target":["https:\/\/chitilahub.ro\/?page_id=19312"]}]},{"@type":"ImageObject","inLanguage":"en-US","@id":"https:\/\/chitilahub.ro\/?page_id=19312#primaryimage","url":"https:\/\/chitilahub.ro\/wp-content\/uploads\/2025\/11\/NEB_logo-1-scaled.png","contentUrl":"https:\/\/chitilahub.ro\/wp-content\/uploads\/2025\/11\/NEB_logo-1-scaled.png","width":2560,"height":812},{"@type":"BreadcrumbList","@id":"https:\/\/chitilahub.ro\/?page_id=19312#breadcrumb","itemListElement":[{"@type":"ListItem","position":1,"name":"Home","item":"https:\/\/chitilahub.ro\/"},{"@type":"ListItem","position":2,"name":"Ce este NEB?"}]},{"@type":"WebSite","@id":"https:\/\/chitilahub.ro\/#website","url":"https:\/\/chitilahub.ro\/","name":"ChitillaHUB","description":"","potentialAction":[{"@type":"SearchAction","target":{"@type":"EntryPoint","urlTemplate":"https:\/\/chitilahub.ro\/?s={search_term_string}"},"query-input":{"@type":"PropertyValueSpecification","valueRequired":true,"valueName":"search_term_string"}}],"inLanguage":"en-US"}]}},"campaignId":"","_links":{"self":[{"href":"https:\/\/chitilahub.ro\/index.php?rest_route=\/wp\/v2\/pages\/19312","targetHints":{"allow":["GET"]}}],"collection":[{"href":"https:\/\/chitilahub.ro\/index.php?rest_route=\/wp\/v2\/pages"}],"about":[{"href":"https:\/\/chitilahub.ro\/index.php?rest_route=\/wp\/v2\/types\/page"}],"author":[{"embeddable":true,"href":"https:\/\/chitilahub.ro\/index.php?rest_route=\/wp\/v2\/users\/1"}],"replies":[{"embeddable":true,"href":"https:\/\/chitilahub.ro\/index.php?rest_route=%2Fwp%2Fv2%2Fcomments&post=19312"}],"version-history":[{"count":8,"href":"https:\/\/chitilahub.ro\/index.php?rest_route=\/wp\/v2\/pages\/19312\/revisions"}],"predecessor-version":[{"id":19335,"href":"https:\/\/chitilahub.ro\/index.php?rest_route=\/wp\/v2\/pages\/19312\/revisions\/19335"}],"wp:attachment":[{"href":"https:\/\/chitilahub.ro\/index.php?rest_route=%2Fwp%2Fv2%2Fmedia&parent=19312"}],"curies":[{"name":"wp","href":"https:\/\/api.w.org\/{rel}","templated":true}]}}